{"id":2,"date":"2016-06-27T12:53:25","date_gmt":"2016-06-27T12:53:25","guid":{"rendered":"http:\/\/www.yvimmigrationlawoffice.com\/?page_id=2"},"modified":"2025-08-26T19:18:38","modified_gmt":"2025-08-26T19:18:38","slug":"sample-page","status":"publish","type":"page","link":"https:\/\/www.mvlawfl.com\/es\/","title":{"rendered":"Bienvenidos a Maldonado &#038; Vallejo Abogados de Inmigraci\u00f3n"},"content":{"rendered":"<p>Pr\u00e1ctica Exclusiva de la Ley de Inmigraci\u00f3n y Ciudadan\u00eda de Estados Unidos<\/p>\n<p>Como abogados de inmigraci\u00f3n, estamos de su lado para representarlo y navegar las complejidades de la ley de inmigraci\u00f3n. Su satisfacci\u00f3n y tranquilidad son lo m\u00e1s importante para nosotros. Nuestra representaci\u00f3n se adecua a las circunstancias espec\u00edficas de cada caso y estamos junto a nuestros clientes durante todo el proceso. Su proceso es realmente importante para nosotros y estamos aqu\u00ed para ayudarle a escribir el pr\u00f3ximo cap\u00edtulo en su vida. Comun\u00edquese con nosotros y d\u00e9jenos saber c\u00f3mo podemos ayudarle.<\/p>\n<p><a class=\"btn btn-outline-light rounded-pill mt-4\" href=\"https:\/\/www.mvlawfl.com\/contact\/\">Cont\u00e1ctenos<\/a><\/p>\n","protected":false},"excerpt":{"rendered":"<p>Pr\u00e1ctica Exclusiva de la Ley de Inmigraci\u00f3n y Ciudadan\u00eda de Estados Unidos Como abogados de inmigraci\u00f3n, estamos de su lado para representarlo y navegar las complejidades de la ley de inmigraci\u00f3n. Su satisfacci\u00f3n y tranquilidad son lo m\u00e1s importante para nosotros. Nuestra representaci\u00f3n se adecua a las circunstancias espec\u00edficas de&#8230;<\/p>\n","protected":false},"author":1,"featured_media":511,"parent":0,"menu_order":0,"comment_status":"closed","ping_status":"closed","template":"","meta":{"_acf_changed":false,"footnotes":""},"class_list":["post-2","page","type-page","status-publish","has-post-thumbnail","hentry"],"translation":{"provider":"WPGlobus","version":"3.0.2","language":"es","enabled_languages":["en","es"],"languages":{"en":{"title":true,"content":true,"excerpt":false},"es":{"title":true,"content":true,"excerpt":false}}},"acf":[],"yoast_head":"<!-- This site is optimized with the Yoast SEO plugin v27.4 - https:\/\/yoast.com\/product\/yoast-seo-wordpress\/ -->\n<title>Bienvenidos a Maldonado &amp; Vallejo Abogados de Inmigraci\u00f3n - Maldonado &amp; Vallejo Immigration Law - Yomayra Vallejo Abogada<\/title>\n<meta name=\"robots\" content=\"index, follow, max-snippet:-1, max-image-preview:large, max-video-preview:-1\" \/>\n<link rel=\"canonical\" href=\"https:\/\/www.mvlawfl.com\/\" \/>\n<meta property=\"og:locale\" content=\"es_ES\" \/>\n<meta property=\"og:type\" content=\"article\" \/>\n<meta property=\"og:title\" content=\"Bienvenidos a Maldonado &amp; Vallejo Abogados de Inmigraci\u00f3n - Maldonado &amp; Vallejo Immigration Law - Yomayra Vallejo Abogada\" \/>\n<meta property=\"og:url\" content=\"https:\/\/www.mvlawfl.com\/\" \/>\n<meta property=\"og:site_name\" content=\"Maldonado &amp; Vallejo Immigration Law\" \/>\n<meta property=\"article:modified_time\" content=\"2025-08-26T19:18:38+00:00\" \/>\n<meta property=\"og:image\" content=\"https:\/\/www.mvlawfl.com\/wp-content\/uploads\/2024\/11\/banner.jpg\" \/>\n\t<meta property=\"og:image:width\" content=\"1920\" \/>\n\t<meta property=\"og:image:height\" content=\"858\" \/>\n\t<meta property=\"og:image:type\" content=\"image\/jpeg\" \/>\n<meta name=\"twitter:card\" content=\"summary_large_image\" \/>\n<meta name=\"twitter:label1\" content=\"Est. reading time\" \/>\n\t<meta name=\"twitter:data1\" content=\"1 minute\" \/>\n<script type=\"application\/ld+json\" class=\"yoast-schema-graph\">{\"@context\":\"https:\\\/\\\/schema.org\",\"@graph\":[{\"@type\":\"WebPage\",\"@id\":\"https:\\\/\\\/www.mvlawfl.com\\\/\",\"url\":\"https:\\\/\\\/www.mvlawfl.com\\\/\",\"name\":\"Bienvenidos a Maldonado & Vallejo Abogados de Inmigraci\u00f3n - Maldonado &amp; Vallejo Immigration Law - Yomayra Vallejo Abogada\",\"isPartOf\":{\"@id\":\"https:\\\/\\\/www.mvlawfl.com\\\/#website\"},\"primaryImageOfPage\":{\"@id\":\"https:\\\/\\\/www.mvlawfl.com\\\/#primaryimage\"},\"image\":{\"@id\":\"https:\\\/\\\/www.mvlawfl.com\\\/#primaryimage\"},\"thumbnailUrl\":\"https:\\\/\\\/www.mvlawfl.com\\\/wp-content\\\/uploads\\\/2024\\\/11\\\/banner.jpg\",\"datePublished\":\"2016-06-27T12:53:25+00:00\",\"dateModified\":\"2025-08-26T19:18:38+00:00\",\"description\":\"As immigration attorneys, we are your partner and advocate in navigating the complexities of immigration law. Your satisfaction and peace of mind are at the forefront of what we do.\",\"breadcrumb\":{\"@id\":\"https:\\\/\\\/www.mvlawfl.com\\\/#breadcrumb\"},\"inLanguage\":\"es-ES\",\"potentialAction\":[{\"@type\":\"ReadAction\",\"target\":[\"https:\\\/\\\/www.mvlawfl.com\\\/\"]}]},{\"@type\":\"ImageObject\",\"inLanguage\":\"es-ES\",\"@id\":\"https:\\\/\\\/www.mvlawfl.com\\\/#primaryimage\",\"url\":\"https:\\\/\\\/www.mvlawfl.com\\\/wp-content\\\/uploads\\\/2024\\\/11\\\/banner.jpg\",\"contentUrl\":\"https:\\\/\\\/www.mvlawfl.com\\\/wp-content\\\/uploads\\\/2024\\\/11\\\/banner.jpg\",\"width\":1920,\"height\":858},{\"@type\":\"BreadcrumbList\",\"@id\":\"https:\\\/\\\/www.mvlawfl.com\\\/#breadcrumb\",\"itemListElement\":[{\"@type\":\"ListItem\",\"position\":1,\"name\":\"Home\",\"item\":\"https:\\\/\\\/www.mvlawfl.com\\\/\"},{\"@type\":\"ListItem\",\"position\":2,\"name\":\"Welcome to Maldonado &#038; Vallejo Immigration Law\"}]},{\"@type\":\"WebSite\",\"@id\":\"https:\\\/\\\/www.mvlawfl.com\\\/#website\",\"url\":\"https:\\\/\\\/www.mvlawfl.com\\\/\",\"name\":\"Maldonado &amp; Vallejo Immigration Law\",\"description\":\"Yomayra Vallejo Abogada\",\"publisher\":{\"@id\":\"https:\\\/\\\/www.mvlawfl.com\\\/#organization\"},\"potentialAction\":[{\"@type\":\"SearchAction\",\"target\":{\"@type\":\"EntryPoint\",\"urlTemplate\":\"https:\\\/\\\/www.mvlawfl.com\\\/?s={search_term_string}\"},\"query-input\":{\"@type\":\"PropertyValueSpecification\",\"valueRequired\":true,\"valueName\":\"search_term_string\"}}],\"inLanguage\":\"es-ES\"},{\"@type\":\"Organization\",\"@id\":\"https:\\\/\\\/www.mvlawfl.com\\\/#organization\",\"name\":\"Maldonado &amp; Vallejo Immigration Law\",\"url\":\"https:\\\/\\\/www.mvlawfl.com\\\/\",\"logo\":{\"@type\":\"ImageObject\",\"inLanguage\":\"es-ES\",\"@id\":\"https:\\\/\\\/www.mvlawfl.com\\\/#\\\/schema\\\/logo\\\/image\\\/\",\"url\":\"https:\\\/\\\/www.mvlawfl.com\\\/wp-content\\\/uploads\\\/2024\\\/11\\\/logo.png\",\"contentUrl\":\"https:\\\/\\\/www.mvlawfl.com\\\/wp-content\\\/uploads\\\/2024\\\/11\\\/logo.png\",\"width\":522,\"height\":87,\"caption\":\"Maldonado &amp; Vallejo Immigration Law\"},\"image\":{\"@id\":\"https:\\\/\\\/www.mvlawfl.com\\\/#\\\/schema\\\/logo\\\/image\\\/\"}}]}<\/script>\n<!-- \/ Yoast SEO plugin. -->","yoast_head_json":{"title":"Bienvenidos a Maldonado & Vallejo Abogados de Inmigraci\u00f3n - Maldonado &amp; Vallejo Immigration Law - Yomayra Vallejo Abogada","robots":{"index":"index","follow":"follow","max-snippet":"max-snippet:-1","max-image-preview":"max-image-preview:large","max-video-preview":"max-video-preview:-1"},"canonical":"https:\/\/www.mvlawfl.com\/","og_locale":"es_ES","og_type":"article","og_title":"Bienvenidos a Maldonado & Vallejo Abogados de Inmigraci\u00f3n - Maldonado &amp; Vallejo Immigration Law - Yomayra Vallejo Abogada","og_url":"https:\/\/www.mvlawfl.com\/","og_site_name":"Maldonado &amp; Vallejo Immigration Law","article_modified_time":"2025-08-26T19:18:38+00:00","og_image":[{"width":1920,"height":858,"url":"https:\/\/www.mvlawfl.com\/wp-content\/uploads\/2024\/11\/banner.jpg","type":"image\/jpeg"}],"twitter_card":"summary_large_image","twitter_misc":{"Est. reading time":"1 minute"},"schema":{"@context":"https:\/\/schema.org","@graph":[{"@type":"WebPage","@id":"https:\/\/www.mvlawfl.com\/","url":"https:\/\/www.mvlawfl.com\/","name":"Bienvenidos a Maldonado & Vallejo Abogados de Inmigraci\u00f3n - Maldonado &amp; Vallejo Immigration Law - Yomayra Vallejo Abogada","isPartOf":{"@id":"https:\/\/www.mvlawfl.com\/#website"},"primaryImageOfPage":{"@id":"https:\/\/www.mvlawfl.com\/#primaryimage"},"image":{"@id":"https:\/\/www.mvlawfl.com\/#primaryimage"},"thumbnailUrl":"https:\/\/www.mvlawfl.com\/wp-content\/uploads\/2024\/11\/banner.jpg","datePublished":"2016-06-27T12:53:25+00:00","dateModified":"2025-08-26T19:18:38+00:00","description":"As immigration attorneys, we are your partner and advocate in navigating the complexities of immigration law. Your satisfaction and peace of mind are at the forefront of what we do.","breadcrumb":{"@id":"https:\/\/www.mvlawfl.com\/#breadcrumb"},"inLanguage":"es-ES","potentialAction":[{"@type":"ReadAction","target":["https:\/\/www.mvlawfl.com\/"]}]},{"@type":"ImageObject","inLanguage":"es-ES","@id":"https:\/\/www.mvlawfl.com\/#primaryimage","url":"https:\/\/www.mvlawfl.com\/wp-content\/uploads\/2024\/11\/banner.jpg","contentUrl":"https:\/\/www.mvlawfl.com\/wp-content\/uploads\/2024\/11\/banner.jpg","width":1920,"height":858},{"@type":"BreadcrumbList","@id":"https:\/\/www.mvlawfl.com\/#breadcrumb","itemListElement":[{"@type":"ListItem","position":1,"name":"Home","item":"https:\/\/www.mvlawfl.com\/"},{"@type":"ListItem","position":2,"name":"Welcome to Maldonado &#038; Vallejo Immigration Law"}]},{"@type":"WebSite","@id":"https:\/\/www.mvlawfl.com\/#website","url":"https:\/\/www.mvlawfl.com\/","name":"Maldonado &amp; Vallejo Immigration Law","description":"Yomayra Vallejo Abogada","publisher":{"@id":"https:\/\/www.mvlawfl.com\/#organization"},"potentialAction":[{"@type":"SearchAction","target":{"@type":"EntryPoint","urlTemplate":"https:\/\/www.mvlawfl.com\/?s={search_term_string}"},"query-input":{"@type":"PropertyValueSpecification","valueRequired":true,"valueName":"search_term_string"}}],"inLanguage":"es-ES"},{"@type":"Organization","@id":"https:\/\/www.mvlawfl.com\/#organization","name":"Maldonado &amp; Vallejo Immigration Law","url":"https:\/\/www.mvlawfl.com\/","logo":{"@type":"ImageObject","inLanguage":"es-ES","@id":"https:\/\/www.mvlawfl.com\/#\/schema\/logo\/image\/","url":"https:\/\/www.mvlawfl.com\/wp-content\/uploads\/2024\/11\/logo.png","contentUrl":"https:\/\/www.mvlawfl.com\/wp-content\/uploads\/2024\/11\/logo.png","width":522,"height":87,"caption":"Maldonado &amp; Vallejo Immigration Law"},"image":{"@id":"https:\/\/www.mvlawfl.com\/#\/schema\/logo\/image\/"}}]}},"_links":{"self":[{"href":"https:\/\/www.mvlawfl.com\/es\/wp-json\/wp\/v2\/pages\/2","targetHints":{"allow":["GET"]}}],"collection":[{"href":"https:\/\/www.mvlawfl.com\/es\/wp-json\/wp\/v2\/pages"}],"about":[{"href":"https:\/\/www.mvlawfl.com\/es\/wp-json\/wp\/v2\/types\/page"}],"author":[{"embeddable":true,"href":"https:\/\/www.mvlawfl.com\/es\/wp-json\/wp\/v2\/users\/1"}],"replies":[{"embeddable":true,"href":"https:\/\/www.mvlawfl.com\/es\/wp-json\/wp\/v2\/comments?post=2"}],"version-history":[{"count":56,"href":"https:\/\/www.mvlawfl.com\/es\/wp-json\/wp\/v2\/pages\/2\/revisions"}],"predecessor-version":[{"id":923,"href":"https:\/\/www.mvlawfl.com\/es\/wp-json\/wp\/v2\/pages\/2\/revisions\/923"}],"wp:featuredmedia":[{"embeddable":true,"href":"https:\/\/www.mvlawfl.com\/es\/wp-json\/wp\/v2\/media\/511"}],"wp:attachment":[{"href":"https:\/\/www.mvlawfl.com\/es\/wp-json\/wp\/v2\/media?parent=2"}],"curies":[{"name":"wp","href":"https:\/\/api.w.org\/{rel}","templated":true}]}}